{"id":6765,"date":"2019-03-01T10:07:36","date_gmt":"2019-03-01T09:07:36","guid":{"rendered":"http:\/\/agms.ajp.edu.pl\/?page_id=6765"},"modified":"2022-02-25T12:06:22","modified_gmt":"2022-02-25T11:06:22","slug":"informacja-dla-uczniow-szkoly-podstawowej","status":"publish","type":"page","link":"http:\/\/alms.ajp.edu.pl\/index.php\/informacja-dla-uczniow-szkoly-podstawowej\/","title":{"rendered":"Informacja dla uczni\u00f3w szko\u0142y podstawowej"},"content":{"rendered":"\n<p>Informacje niezb\u0119dne dla przysz\u0142ych uczni\u00f3w liceum<\/p>\n\n\n\n<p><a href=\"http:\/\/alms.ajp.edu.pl\/wp-content\/uploads\/2021\/03\/folder-2021.pdf\">Folder-2021<\/a><\/p>\n\n\n\n<p><a href=\"http:\/\/alms.ajp.edu.pl\/wp-content\/uploads\/2022\/02\/Informacje-niezbedne-dla-uczniow.pdf\">Informacje-niezbedne-dla-uczniow<\/a><\/p>\n\n\n\n<p><a href=\"http:\/\/alms.ajp.edu.pl\/wp-content\/uploads\/2021\/03\/Pamietaj.pdf\">Pami\u0119taj<\/a> !<\/p>\n","protected":false},"excerpt":{"rendered":"<p>Informacje niezb\u0119dne dla przysz\u0142ych uczni\u00f3w liceum Folder-2021 Informacje-niezbedne-dla-uczniow Pami\u0119taj !<\/p>\n","protected":false},"author":1,"featured_media":0,"parent":0,"menu_order":0,"comment_status":"closed","ping_status":"closed","template":"","meta":{"footnotes":""},"class_list":["post-6765","page","type-page","status-publish","hentry"],"_links":{"self":[{"href":"http:\/\/alms.ajp.edu.pl\/index.php\/wp-json\/wp\/v2\/pages\/6765","targetHints":{"allow":["GET"]}}],"collection":[{"href":"http:\/\/alms.ajp.edu.pl\/index.php\/wp-json\/wp\/v2\/pages"}],"about":[{"href":"http:\/\/alms.ajp.edu.pl\/index.php\/wp-json\/wp\/v2\/types\/page"}],"author":[{"embeddable":true,"href":"http:\/\/alms.ajp.edu.pl\/index.php\/wp-json\/wp\/v2\/users\/1"}],"replies":[{"embeddable":true,"href":"http:\/\/alms.ajp.edu.pl\/index.php\/wp-json\/wp\/v2\/comments?post=6765"}],"version-history":[{"count":9,"href":"http:\/\/alms.ajp.edu.pl\/index.php\/wp-json\/wp\/v2\/pages\/6765\/revisions"}],"predecessor-version":[{"id":9403,"href":"http:\/\/alms.ajp.edu.pl\/index.php\/wp-json\/wp\/v2\/pages\/6765\/revisions\/9403"}],"wp:attachment":[{"href":"http:\/\/alms.ajp.edu.pl\/index.php\/wp-json\/wp\/v2\/media?parent=6765"}],"curies":[{"name":"wp","href":"https:\/\/api.w.org\/{rel}","templated":true}]}}