{"id":6179,"date":"2018-11-27T07:39:12","date_gmt":"2018-11-27T06:39:12","guid":{"rendered":"http:\/\/agms.ajp.edu.pl\/?page_id=6179"},"modified":"2018-11-27T10:17:12","modified_gmt":"2018-11-27T09:17:12","slug":"rodo","status":"publish","type":"page","link":"http:\/\/alms.ajp.edu.pl\/index.php\/rodo\/","title":{"rendered":"RODO"},"content":{"rendered":"<h1>Klauzula informacyjna o przetwarzaniu danych osobowych<br \/>\nw Akademickim Liceum Mistrzostwa Sportowego w Gorzowie Wielkopolskim<\/h1>\n<p><strong>Dnia 25 maja rozpocz\u0119to stosowanie przepis\u00f3w rozporz\u0105dzenia Parlamentu Europejskiego i Rady (UE) 2016\/679 z dnia 27 kwietnia 2016 r. w sprawie ochrony os\u00f3b fizycznych w\u00a0zwi\u0105zku z przetwarzaniem danych osobowych i w sprawie swobodnego przep\u0142ywu takich danych oraz uchylenia dyrektywy 95\/46\/WE (og\u00f3lne rozporz\u0105dzenie o ochronie danych).<\/strong><\/p>\n<p><strong>Akademickie Liceum Mistrzostwa Sportowego w Gorzowie Wielkopolskim jest instytucj\u0105 dbaj\u0105c\u0105 o bezpiecze\u0144stwo przetwarzanych danych. <\/strong><\/p>\n<p><strong>INFORMACJE OG\u00d3LNE<\/strong><\/p>\n<ol>\n<li>Administratorem danych jest Akademickie Liceum Mistrzostwa Sportowego z\u00a0siedzib\u0105 w Gorzowie Wielkopolskim (kod pocztowy: 66-400), przy ul. Chopina 52 b.\u00a08, tel.: 95 72 16 007, e-mail: <a href=\"mailto:sekretariat.alms@ajp.edu.pl\">alms@ajp.edu.pl<\/a>.<\/li>\n<li>Pytania dotycz\u0105ce sposobu i zakresu przetwarzania danych osobowych, a tak\u017ce realizacji przys\u0142uguj\u0105cych praw, mo\u017cna kierowa\u0107 do Inspektora Ochrony Danych Osobowych za po\u015brednictwem Sekretariatu, e-mail: <a href=\"mailto:sekretariat.alms@ajp.edu.pl\">alms@ajp.edu.pl<\/a>.<\/li>\n<li>Osobom, kt\u00f3rych dane s\u0105 przetwarzane, przys\u0142uguj\u0105 nast\u0119puj\u0105ce prawa: dost\u0119pu do tre\u015bci danych oraz ich sprostowania, usuni\u0119cia lub ograniczenia przetwarzania, a tak\u017ce prawo sprzeciwu, za\u017c\u0105dania zaprzestania przetwarzania i\u00a0przenoszenia danych, jak r\u00f3wnie\u017c prawo do cofni\u0119cia zgody, je\u017celi by\u0142a ona udzielana, w dowolnym momencie oraz prawo do wniesienia skargi do organu nadzorczego (tj.: <em>Prezesa Urz\u0119du Ochrony Danych Osobowych<\/em>).<\/li>\n<li>Administrator nie przetwarza danych osobowych w spos\u00f3b zautomatyzowany, dane nie b\u0119d\u0105 podlega\u0142y profilowaniu.<\/li>\n<\/ol>\n<p>&nbsp;<\/p>\n<p><strong>GRUPY OS\u00d3B, KT\u00d3RYCH DANE S\u0104 PRZETWARZANE<\/strong><\/p>\n<p>UCZNIOWIE<\/p>\n<ul>\n<li>Celem przetwarzania danych jest dokumentacja procesu nauczania.<\/li>\n<li>Zgodnie z: art. 6 ust. 1 lit. a, c, e RODO, Ustawa z dnia 7 wrze\u015bnia 1991 r. o systemie o\u015bwiaty (Dz. U. 2017, poz. 2198) oraz Rozporz\u0105dzenie Ministra Edukacji Narodowej z dnia 29 sierpnia 2014 r. w sprawie sposobu prowadzenia przez publiczne przedszkola, szko\u0142y i plac\u00f3wki dokumentacji przebiegu nauczania, dzia\u0142alno\u015bci wychowawczej i opieku\u0144czej oraz rodzaj\u00f3w tej dokumentacji (Dz. U. z 2014 r. poz. 1170).<\/li>\n<li>Podanie danych osobowych jest obligatoryjne w zakresie okre\u015blonym ustawowo.<\/li>\n<li>Niepodanie danych osobowych mo\u017ce spowodowa\u0107 niewywi\u0105zanie si\u0119 z wymogu poddania si\u0119 procesowi edukacji powszechnej.<\/li>\n<li>Okres przechowywania danych okre\u015blony jest ustawowo.<\/li>\n<li>Dane mog\u0105 by\u0107 przekazywane do odbiorc\u00f3w danych okre\u015blonych w przepisach prawa (np. OKE, organ nadzorczy) lub do odbiorc\u00f3w, z kt\u00f3rymi Administrator zawrze umowy powierzenia przetwarzania danych (np. serwis oprogramowania dziennika elektronicznego)<\/li>\n<\/ul>\n<p>KANDYDACI NA UCZNI\u00d3W<\/p>\n<ul>\n<li>Celem przetwarzania danych jest przeprowadzenie procesu rekrutacyjnego.<\/li>\n<li>Zgodnie z: art. 6 ust. 1 lit. a, c, e RODO, Ustawa z dnia 7 wrze\u015bnia 1991 r. o systemie o\u015bwiaty (Dz. U. 2017, poz. 2198) oraz Rozporz\u0105dzenie Ministra Edukacji Narodowej z dnia 29 sierpnia 2014 r. w sprawie sposobu prowadzenia przez publiczne przedszkola, szko\u0142y i plac\u00f3wki dokumentacji przebiegu nauczania, dzia\u0142alno\u015bci wychowawczej i opieku\u0144czej oraz rodzaj\u00f3w tej dokumentacji (Dz. U. z 2014 r. poz. 1170).<\/li>\n<li>Podanie danych osobowych jest obligatoryjne w zakresie okre\u015blonym ustawowo.<\/li>\n<li>Okres przechowywania danych okre\u015blony jest ustawowo.<\/li>\n<li>Dane nie b\u0119d\u0105 przekazywane do innych podmiot\u00f3w.<\/li>\n<\/ul>\n<p>PRACOWNICY, ZLECENIOBIORCY<\/p>\n<ul>\n<li>Celem przetwarzania danych jest zawarcie i wykonanie umowy o prac\u0119, zlecenia lub o dzie\u0142o.<\/li>\n<li>Zgodnie z: art. 6 ust. 1 lit. a RODO, USTAWA z dnia 26 czerwca 1974 r. Kodeks pracy, Karta Nauczyciela oraz innymi aktami prawnymi okre\u015blaj\u0105cymi warunki zatrudnienia.<\/li>\n<li>Podanie danych osobowych jest dobrowolne, ale jednocze\u015bnie obligatoryjne w zakresie okre\u015blonym ustawowo w celu wykonania umowy.<\/li>\n<li>Niepodanie danych osobowych uniemo\u017cliwi wykonania umowy.<\/li>\n<li>Okres przechowywania danych okre\u015blony jest ustawowo.<\/li>\n<li>Dane mog\u0105 by\u0107 przekazywane do odbiorc\u00f3w danych okre\u015blonych w przepisach prawa (np. ZUS, Urz\u0105d Skarbowy) lub do odbiorc\u00f3w, z kt\u00f3rymi Administrator zawrze umowy powierzenia przetwarzania danych (np. us\u0142ugi z zakresu medycyny pracy, BHP, serwis oprogramowania kadrowo- p\u0142acowego)<\/li>\n<\/ul>\n<p>KANDYDACI NA PRACOWNIK\u00d3W<\/p>\n<ul>\n<li>Celem przetwarzania danych jest przeprowadzenie procesu rekrutacyjnego.<\/li>\n<li>Zgodnie z: art. 6 ust. 1 lit. a, b, c RODO, USTAWA z dnia 26 czerwca 1974 r. Kodeks pracy (DZ.U. z 2018 r. poz. 917, ZE ZM.), Karta Nauczyciela (DZ.U. z 2018 r. poz. 967, ZE ZM.) oraz innymi aktami prawnymi okre\u015blaj\u0105cymi warunki zatrudnienia.<\/li>\n<li>Podanie danych osobowych jest dobrowolne, ale jednocze\u015bnie obligatoryjne w zakresie okre\u015blonym ustawowo do uznania kandydatury za wa\u017cnej.<\/li>\n<li>Niepodanie danych osobowych uniemo\u017cliwi uwzgl\u0119dnienie kandydata w procesie rekrutacyjnym.<\/li>\n<li>Dane nie b\u0119d\u0105 przekazywane do innych podmiot\u00f3w.<\/li>\n<\/ul>\n<p>KONTRAHENCI<\/p>\n<ul>\n<li>Celem przetwarzania danych jest zawarcie i wykonanie okre\u015blonej umowy.<\/li>\n<li>Zgodnie z: art. 6 ust. 1 lit. b RODO.<\/li>\n<li>Podanie danych osobowych jest dobrowolne, ale niezb\u0119dne do zawarcia umowy.<\/li>\n<li>Niepodanie danych osobowych uniemo\u017cliwi zawarcie umowy.<\/li>\n<li>Okres przechowywania danych okre\u015blony jest ustawowo.<\/li>\n<li>Dane mog\u0105 by\u0107 przekazywane do odbiorc\u00f3w danych okre\u015blonych w przepisach prawa (np. Urz\u0105d Skarbowy) lub do odbiorc\u00f3w, z kt\u00f3rymi Administrator zawrze umowy powierzenia przetwarzania danych (np. serwis oprogramowania ksi\u0119gowego)<\/li>\n<\/ul>\n<p><strong>WSZELKIE INNE CELE PRZETWARZANIA DANYCH, NIE B\u0118D\u0104CE WYMOGIEM USTAWOWYM MOG\u0104 BY\u0106 REALIZOWANE WY\u0141ACZNIE PO UZYSKANIU ZGODY OS\u00d3B, KT\u00d3RYCH DANE B\u0118D\u0104 PRZETWARZANE. WARUNKI PRZETWARZANIA TYCH DANYCH B\u0118D\u0104 OKRESLONE W TRE\u015aCI ZGODY.<\/strong><\/p>\n<p>&nbsp;<\/p>\n<p>&nbsp;<\/p>\n","protected":false},"excerpt":{"rendered":"<p>Klauzula informacyjna o przetwarzaniu danych osobowych w Akademickim Liceum Mistrzostwa Sportowego w Gorzowie Wielkopolskim Dnia 25 maja rozpocz\u0119to stosowanie przepis\u00f3w rozporz\u0105dzenia Parlamentu Europejskiego i Rady (UE) 2016\/679 z dnia 27 kwietnia 2016 r. w sprawie ochrony os\u00f3b fizycznych w\u00a0zwi\u0105zku z&hellip; <\/p>\n","protected":false},"author":1,"featured_media":0,"parent":0,"menu_order":0,"comment_status":"closed","ping_status":"closed","template":"","meta":{"footnotes":""},"class_list":["post-6179","page","type-page","status-publish","hentry"],"_links":{"self":[{"href":"http:\/\/alms.ajp.edu.pl\/index.php\/wp-json\/wp\/v2\/pages\/6179","targetHints":{"allow":["GET"]}}],"collection":[{"href":"http:\/\/alms.ajp.edu.pl\/index.php\/wp-json\/wp\/v2\/pages"}],"about":[{"href":"http:\/\/alms.ajp.edu.pl\/index.php\/wp-json\/wp\/v2\/types\/page"}],"author":[{"embeddable":true,"href":"http:\/\/alms.ajp.edu.pl\/index.php\/wp-json\/wp\/v2\/users\/1"}],"replies":[{"embeddable":true,"href":"http:\/\/alms.ajp.edu.pl\/index.php\/wp-json\/wp\/v2\/comments?post=6179"}],"version-history":[{"count":4,"href":"http:\/\/alms.ajp.edu.pl\/index.php\/wp-json\/wp\/v2\/pages\/6179\/revisions"}],"predecessor-version":[{"id":6186,"href":"http:\/\/alms.ajp.edu.pl\/index.php\/wp-json\/wp\/v2\/pages\/6179\/revisions\/6186"}],"wp:attachment":[{"href":"http:\/\/alms.ajp.edu.pl\/index.php\/wp-json\/wp\/v2\/media?parent=6179"}],"curies":[{"name":"wp","href":"https:\/\/api.w.org\/{rel}","templated":true}]}}