{"id":5953,"date":"2018-10-17T09:51:45","date_gmt":"2018-10-17T07:51:45","guid":{"rendered":"http:\/\/agms.ajp.edu.pl\/?page_id=5953"},"modified":"2025-09-15T14:14:10","modified_gmt":"2025-09-15T12:14:10","slug":"pedagog-szkolny","status":"publish","type":"page","link":"http:\/\/alms.ajp.edu.pl\/index.php\/liceum\/szkola\/pedagog-szkolny\/","title":{"rendered":"Pedagog Szkolny"},"content":{"rendered":"<p><strong><u>Dy\u017cury Pedagoga szkolnego<\/u><\/strong><\/p>\n<p><em><strong>\u00a0 mgr Dorota Kowalska<\/strong><\/em><\/p>\n<p><strong>Poniedzia\u0142ek\u00a0\u00a0\u00a0\u00a0\u00a0 \u00a0 7.30 \u2013 15.30\u00a0 \u00a0 \u00a0 \u00a0\u00a0<\/strong><\/p>\n<p><strong>Wtorek\u00a0\u00a0\u00a0\u00a0\u00a0\u00a0\u00a0\u00a0\u00a0\u00a0\u00a0\u00a0\u00a0\u00a0 13.00 \u2013 16.30\u00a0\u00a0\u00a0\u00a0\u00a0\u00a0\u00a0<\/strong><\/p>\n<p><strong>\u015aroda\u00a0 \u00a0 \u00a0 \u00a0 \u00a0 \u00a0 \u00a0 \u00a0 \u00a0 \u00a0 7.30 &#8211; 15.30<\/strong><\/p>\n<p><strong>Czwartek\u00a0 \u00a0 \u00a0 \u00a0 \u00a0 \u00a0 \u00a0 7.30 \u2013 11.00<\/strong><\/p>\n<p><strong>Pi\u0105tek\u00a0 \u00a0 \u00a0 \u00a0 \u00a0 \u00a0 \u00a0 \u00a0 \u00a0 \u00a07.30 \u2013 14.45\u00a0 \u00a0 \u00a0<\/strong><\/p>\n<p><strong>\u00a0 <\/strong><strong>\u00a0 \u00a0 \u00a0 \u00a0 \u00a0<\/strong><\/p>\n<p><strong>Je\u017celi:<\/strong><\/p>\n<ul>\n<li>trapi Ci\u0119 jakie\u015b zmartwienie i chcesz o tym porozmawia\u0107,<\/li>\n<li>kto\u015b narusza Twoje prawa, stosuje wobec Ciebie przemoc,<\/li>\n<li>czujesz si\u0119 samotny, nikt Ci\u0119 nie rozumie,<\/li>\n<li>popad\u0142e\u015b w konflikt,<\/li>\n<li>nie radzisz sobie z nauk\u0105,<\/li>\n<li>nie potrafisz porozumie\u0107 si\u0119 z nauczycielem,<\/li>\n<li>masz problemy w domu,<\/li>\n<li>chcesz si\u0119 podzieli\u0107 swoj\u0105 rado\u015bci\u0105 , sukcesem,<\/li>\n<li>chcesz po prostu porozmawia\u0107 z kim\u015b \u017cyczliwym<\/li>\n<\/ul>\n<p><strong>ZAPRASZAM. S\u0141U\u017b\u0118 POMOC\u0104 W KA\u017bDEJ SYTUACJI PROBLEMOWEJ.<\/strong><\/p>\n<p><strong><u>Szanowni rodzice !<\/u><\/strong><\/p>\n<p>Je\u015bli pojawi\u0142y si\u0119 k\u0142opoty wychowawcze, z kt\u00f3rymi nie potrafi\u0105 Pa\u0144stwo sobie poradzi\u0107, czuj\u0105 si\u0119 bezradni i nie mog\u0105 \u00a0znale\u017a\u0107 wyj\u015bcia z jakiej\u015b trudnej sytuacji \u2013\u00a0<strong>ZAPRASZAM. POSTARAM SI\u0118 POM\u00d3C<\/strong><\/p>\n<p><strong>Zadania pedagoga szkolnego ALMS:<\/strong><\/p>\n<p>Do g\u0142\u00f3wnych zada\u0144 realizowanych przez pedagoga szkolnego nale\u017cy:<\/p>\n<ul>\n<li>koordynowanie i realizacja zada\u0144 z zakresu pomocy psychologiczno-pedagogicznej,<\/li>\n<li>indywidualna opieka pedagogiczna nad uczniem,<\/li>\n<li>diagnozowanie przyczyn niepowodze\u0144 szkolnych,<\/li>\n<li>przeciwdzia\u0142anie powstawaniu uzale\u017cnie\u0144 w\u015br\u00f3d m\u0142odzie\u017cy,<\/li>\n<li>zapobieganie spo\u0142ecznemu niedostosowaniu m\u0142odzie\u017cy,<\/li>\n<li>wspieranie dzia\u0142a\u0144 opieku\u0144czo \u2013 wychowawczych nauczycieli,<\/li>\n<li>organizowanie opieki i pomocy materialnej,<\/li>\n<li>wsp\u00f3\u0142praca z rodzicami<\/li>\n<\/ul>\n<p><strong>Przy realizacji swoich zada\u0144 pedagog szkolny wsp\u00f3\u0142pracuje z r\u00f3\u017cnymi osobami i instytucjami:<\/strong><\/p>\n<ul>\n<li>Zespo\u0142em Poradni Psychologiczno- Pedagogicznych,<\/li>\n<li>Miejskim O\u015brodkiem Pomocy Spo\u0142ecznej,<\/li>\n<li>O\u015brodkiem Wsparcia Rodziny,<\/li>\n<li>Wojew\u00f3dzk\u0105 i Powiatow\u0105 Stacj\u0105 Sanitarno-Epidemiologiczn\u0105,<\/li>\n<li>S\u0105dem Rodzinnym (kuratorami),<\/li>\n<li>Komend\u0105 Miejsk\u0105 Policji ( specjalistami do spraw nieletnich).<\/li>\n<\/ul>\n\n\n<p><\/p>\n","protected":false},"excerpt":{"rendered":"<p>Dy\u017cury Pedagoga szkolnego \u00a0 mgr Dorota Kowalska Poniedzia\u0142ek\u00a0\u00a0\u00a0\u00a0\u00a0 \u00a0 7.30 \u2013 15.30\u00a0 \u00a0 \u00a0 \u00a0\u00a0 Wtorek\u00a0\u00a0\u00a0\u00a0\u00a0\u00a0\u00a0\u00a0\u00a0\u00a0\u00a0\u00a0\u00a0\u00a0 13.00 \u2013 16.30\u00a0\u00a0\u00a0\u00a0\u00a0\u00a0\u00a0 \u015aroda\u00a0 \u00a0 \u00a0 \u00a0 \u00a0 \u00a0 \u00a0 \u00a0 \u00a0 \u00a0 7.30 &#8211; 15.30 Czwartek\u00a0 \u00a0 \u00a0 \u00a0 \u00a0 \u00a0 \u00a0 7.30&hellip; <\/p>\n","protected":false},"author":1,"featured_media":0,"parent":2896,"menu_order":0,"comment_status":"closed","ping_status":"closed","template":"","meta":{"footnotes":""},"class_list":["post-5953","page","type-page","status-publish","hentry"],"_links":{"self":[{"href":"http:\/\/alms.ajp.edu.pl\/index.php\/wp-json\/wp\/v2\/pages\/5953","targetHints":{"allow":["GET"]}}],"collection":[{"href":"http:\/\/alms.ajp.edu.pl\/index.php\/wp-json\/wp\/v2\/pages"}],"about":[{"href":"http:\/\/alms.ajp.edu.pl\/index.php\/wp-json\/wp\/v2\/types\/page"}],"author":[{"embeddable":true,"href":"http:\/\/alms.ajp.edu.pl\/index.php\/wp-json\/wp\/v2\/users\/1"}],"replies":[{"embeddable":true,"href":"http:\/\/alms.ajp.edu.pl\/index.php\/wp-json\/wp\/v2\/comments?post=5953"}],"version-history":[{"count":20,"href":"http:\/\/alms.ajp.edu.pl\/index.php\/wp-json\/wp\/v2\/pages\/5953\/revisions"}],"predecessor-version":[{"id":11728,"href":"http:\/\/alms.ajp.edu.pl\/index.php\/wp-json\/wp\/v2\/pages\/5953\/revisions\/11728"}],"up":[{"embeddable":true,"href":"http:\/\/alms.ajp.edu.pl\/index.php\/wp-json\/wp\/v2\/pages\/2896"}],"wp:attachment":[{"href":"http:\/\/alms.ajp.edu.pl\/index.php\/wp-json\/wp\/v2\/media?parent=5953"}],"curies":[{"name":"wp","href":"https:\/\/api.w.org\/{rel}","templated":true}]}}