{"id":3914,"date":"2017-09-06T14:03:47","date_gmt":"2017-09-06T12:03:47","guid":{"rendered":"http:\/\/agms.ajp.edu.pl\/?page_id=3914"},"modified":"2025-10-15T10:56:08","modified_gmt":"2025-10-15T08:56:08","slug":"plan-lekcji","status":"publish","type":"page","link":"http:\/\/alms.ajp.edu.pl\/index.php\/liceum\/uczniowie\/plan-lekcji\/","title":{"rendered":"PLAN LEKCJI 2025-2026"},"content":{"rendered":"\n<p>Plan obowi\u0105zuj\u0105cy od 8 wrze\u015bnia 2025<\/p>\n\n\n\n<p><a href=\"http:\/\/alms.ajp.edu.pl\/wp-content\/uploads\/2025\/09\/1a-1.pdf\">1a.pdf<\/a><\/p>\n\n\n\n<p><a href=\"http:\/\/alms.ajp.edu.pl\/wp-content\/uploads\/2025\/10\/1b.pdf\">1b.pdf<\/a><\/p>\n\n\n\n<p><a href=\"http:\/\/alms.ajp.edu.pl\/wp-content\/uploads\/2025\/10\/2b.pdf\">2b.pdf<\/a><\/p>\n\n\n\n<p><a href=\"http:\/\/alms.ajp.edu.pl\/wp-content\/uploads\/2025\/09\/3a.pdf\">3a.pdf<\/a><\/p>\n\n\n\n<p><a href=\"http:\/\/alms.ajp.edu.pl\/wp-content\/uploads\/2025\/09\/3b-1.pdf\">3b.pdf<\/a><\/p>\n\n\n\n<p><a href=\"http:\/\/alms.ajp.edu.pl\/wp-content\/uploads\/2025\/09\/4a.pdf\">4a.pdf<\/a><\/p>\n\n\n\n<p><a href=\"http:\/\/alms.ajp.edu.pl\/wp-content\/uploads\/2025\/09\/4b.pdf\">4b.pdf<\/a><\/p>\n\n\n\n<p><a href=\"http:\/\/alms.ajp.edu.pl\/wp-content\/uploads\/2023\/09\/PRZERWY-I-GODZINY-LEKCYJNE-2023-2024.pdf\">PRZERWY-I-GODZINY-LEKCYJNE-2025-2026.pdf<\/a><\/p>\n\n\n\n<p><\/p>\n","protected":false},"excerpt":{"rendered":"<p>Plan obowi\u0105zuj\u0105cy od 8 wrze\u015bnia 2025 1a.pdf 1b.pdf 2b.pdf 3a.pdf 3b.pdf 4a.pdf 4b.pdf PRZERWY-I-GODZINY-LEKCYJNE-2025-2026.pdf<\/p>\n","protected":false},"author":2,"featured_media":0,"parent":2898,"menu_order":0,"comment_status":"closed","ping_status":"closed","template":"","meta":{"footnotes":""},"class_list":["post-3914","page","type-page","status-publish","hentry"],"_links":{"self":[{"href":"http:\/\/alms.ajp.edu.pl\/index.php\/wp-json\/wp\/v2\/pages\/3914","targetHints":{"allow":["GET"]}}],"collection":[{"href":"http:\/\/alms.ajp.edu.pl\/index.php\/wp-json\/wp\/v2\/pages"}],"about":[{"href":"http:\/\/alms.ajp.edu.pl\/index.php\/wp-json\/wp\/v2\/types\/page"}],"author":[{"embeddable":true,"href":"http:\/\/alms.ajp.edu.pl\/index.php\/wp-json\/wp\/v2\/users\/2"}],"replies":[{"embeddable":true,"href":"http:\/\/alms.ajp.edu.pl\/index.php\/wp-json\/wp\/v2\/comments?post=3914"}],"version-history":[{"count":72,"href":"http:\/\/alms.ajp.edu.pl\/index.php\/wp-json\/wp\/v2\/pages\/3914\/revisions"}],"predecessor-version":[{"id":11753,"href":"http:\/\/alms.ajp.edu.pl\/index.php\/wp-json\/wp\/v2\/pages\/3914\/revisions\/11753"}],"up":[{"embeddable":true,"href":"http:\/\/alms.ajp.edu.pl\/index.php\/wp-json\/wp\/v2\/pages\/2898"}],"wp:attachment":[{"href":"http:\/\/alms.ajp.edu.pl\/index.php\/wp-json\/wp\/v2\/media?parent=3914"}],"curies":[{"name":"wp","href":"https:\/\/api.w.org\/{rel}","templated":true}]}}