{"id":2918,"date":"2017-03-01T08:20:10","date_gmt":"2017-03-01T07:20:10","guid":{"rendered":"http:\/\/agms.ajp.edu.pl\/?page_id=2918"},"modified":"2018-10-15T09:51:44","modified_gmt":"2018-10-15T07:51:44","slug":"jaka-szkola-jestesmy","status":"publish","type":"page","link":"http:\/\/alms.ajp.edu.pl\/index.php\/liceum\/szkola\/o-nas\/jaka-szkola-jestesmy\/","title":{"rendered":"Jak\u0105 szko\u0142\u0105 jeste\u015bmy"},"content":{"rendered":"<p>Akademickie Liceum Mistrzostwa Sportowego to szko\u0142a niepubliczna posiadaj\u0105ca uprawnienia szko\u0142y publicznej. Organem prowadz\u0105cym jest Akademia im. Jakuba z Parady\u017ca w Gorzowie Wielkopolskim, natomiast nadz\u00f3r pedagogiczny nad szko\u0142\u0105 sprawuje Lubuski Kurator O\u015bwiaty.<\/p>\n<p>Szko\u0142a rozpocz\u0119\u0142a dzia\u0142alno\u015b\u0107 1 wrze\u015bnia 2017 r.<\/p>\n<p>W roku szkolnym 2017\/2018 uruchomiono dwa oddzia\u0142y:<\/p>\n<p>\u2013 pi\u0142ka koszykowa dziewcz\u0105t,<\/p>\n<p>\u2013 pi\u0142ka no\u017cna ch\u0142opc\u00f3w.<\/p>\n<p>W roku szkolnym 2018\/2019 uruchomiono r\u00f3wnie\u017c dwa oddzia\u0142y:<\/p>\n<p>\u2013 pi\u0142ka koszykowa dziewcz\u0105t,<\/p>\n<p>\u2013 pi\u0142ka no\u017cna ch\u0142opc\u00f3w.<\/p>\n<p>Ambicj\u0105 szko\u0142y jest stworzenie jak najlepszych warunk\u00f3w uczniom uzdolnionym sportowo, zar\u00f3wno je\u015bli chodzi o rozw\u00f3j naukowy jak i sportowy. Jeste\u015bmy szko\u0142\u0105 dla tych uczni\u00f3w, kt\u00f3rzy chc\u0105 w jak najlepszym stopniu pogodzi\u0107 nauk\u0119 z uprawianiem sportu. Zaj\u0119cia sportowe s\u0105 po\u0142\u0105czone z przedmiotami og\u00f3lnokszta\u0142c\u0105cymi w planie lekcji, co powoduje, \u017ce ucze\u0144 w szkole zdobywa wiedz\u0119 i umiej\u0119tno\u015bci z przedmiot\u00f3w og\u00f3lnokszta\u0142c\u0105cych, a jednocze\u015bnie trenuje wybran\u0105 dyscyplin\u0119 sportu.<\/p>\n<p><strong>\u00a0<\/strong><\/p>\n<p><strong>Powy\u017cszy cel Szko\u0142a realizuje poprzez:<\/strong><\/p>\n<ul>\n<li>realizacj\u0119 program\u00f3w nauczania, uwzgl\u0119dniaj\u0105cych podstawy programowe obowi\u0105zkowych przedmiot\u00f3w (tzn. programy nauczania obowi\u0105zuj\u0105ce w naszej szkole s\u0105 zgodne z obowi\u0105zuj\u0105cymi w szko\u0142ach publicznych),<\/li>\n<li>wykorzystywanie w pracy dydaktycznej nowoczesnych \u015brodk\u00f3w dydaktycznych i nowoczesnych metod pracy,<\/li>\n<li>umo\u017cliwienie uczniom rozwijania r\u00f3wnie\u017c innych talent\u00f3w i zainteresowa\u0144 poprzez udzia\u0142 w konkursach, szkolnych ko\u0142ach zainteresowa\u0144, przygotowywanych w szko\u0142ach imprezach, dzia\u0142alno\u015b\u0107 w Samorz\u0105dzie Uczniowskim,<\/li>\n<li>organizacj\u0119 i dzia\u0142anie szko\u0142y zgodnie z <em>Rozporz\u0105dzeniem MEN w sprawie oddzia\u0142\u00f3w i szk\u00f3\u0142 sportowych oraz oddzia\u0142\u00f3w i szk\u00f3\u0142 mistrzostwa sportowego<\/em>,<\/li>\n<li>realizacj\u0119 program\u00f3w szkolenia sportowego,<\/li>\n<li>zatrudnianie nauczycieli posiadaj\u0105cych kwalifikacje okre\u015blone dla nauczycieli szk\u00f3\u0142 publicznych (cz\u0119\u015b\u0107 z nich to nauczyciele akademiccy Akademii im. Jakuba z Parady\u017ca w Gorzowie Wielkopolskim),<\/li>\n<li>zatrudnianie trener\u00f3w i specjalist\u00f3w z klub\u00f3w sportowych w celu realizacji programu szkolenia sportowego,<\/li>\n<li>\u015bcis\u0142\u0105 wsp\u00f3\u0142prac\u0119 z klubami sportowymi.<\/li>\n<\/ul>\n","protected":false},"excerpt":{"rendered":"<p>Akademickie Liceum Mistrzostwa Sportowego to szko\u0142a niepubliczna posiadaj\u0105ca uprawnienia szko\u0142y publicznej. Organem prowadz\u0105cym jest Akademia im. Jakuba z Parady\u017ca w Gorzowie Wielkopolskim, natomiast nadz\u00f3r pedagogiczny nad szko\u0142\u0105 sprawuje Lubuski Kurator O\u015bwiaty. Szko\u0142a rozpocz\u0119\u0142a dzia\u0142alno\u015b\u0107 1 wrze\u015bnia 2017 r. W roku&hellip; <\/p>\n","protected":false},"author":1,"featured_media":0,"parent":2902,"menu_order":0,"comment_status":"closed","ping_status":"closed","template":"","meta":{"footnotes":""},"class_list":["post-2918","page","type-page","status-publish","hentry"],"_links":{"self":[{"href":"http:\/\/alms.ajp.edu.pl\/index.php\/wp-json\/wp\/v2\/pages\/2918","targetHints":{"allow":["GET"]}}],"collection":[{"href":"http:\/\/alms.ajp.edu.pl\/index.php\/wp-json\/wp\/v2\/pages"}],"about":[{"href":"http:\/\/alms.ajp.edu.pl\/index.php\/wp-json\/wp\/v2\/types\/page"}],"author":[{"embeddable":true,"href":"http:\/\/alms.ajp.edu.pl\/index.php\/wp-json\/wp\/v2\/users\/1"}],"replies":[{"embeddable":true,"href":"http:\/\/alms.ajp.edu.pl\/index.php\/wp-json\/wp\/v2\/comments?post=2918"}],"version-history":[{"count":5,"href":"http:\/\/alms.ajp.edu.pl\/index.php\/wp-json\/wp\/v2\/pages\/2918\/revisions"}],"predecessor-version":[{"id":5906,"href":"http:\/\/alms.ajp.edu.pl\/index.php\/wp-json\/wp\/v2\/pages\/2918\/revisions\/5906"}],"up":[{"embeddable":true,"href":"http:\/\/alms.ajp.edu.pl\/index.php\/wp-json\/wp\/v2\/pages\/2902"}],"wp:attachment":[{"href":"http:\/\/alms.ajp.edu.pl\/index.php\/wp-json\/wp\/v2\/media?parent=2918"}],"curies":[{"name":"wp","href":"https:\/\/api.w.org\/{rel}","templated":true}]}}