{"id":2916,"date":"2017-03-01T08:17:53","date_gmt":"2017-03-01T07:17:53","guid":{"rendered":"http:\/\/agms.ajp.edu.pl\/?page_id=2916"},"modified":"2017-03-06T12:01:52","modified_gmt":"2017-03-06T11:01:52","slug":"gdzie-sie-miescimy","status":"publish","type":"page","link":"http:\/\/alms.ajp.edu.pl\/index.php\/liceum\/szkola\/o-nas\/gdzie-sie-miescimy\/","title":{"rendered":"Gdzie si\u0119 mie\u015bcimy"},"content":{"rendered":"<p>Siedziba szko\u0142y mie\u015bci si\u0119 w obiektach Akademii im. Jakuba z Parady\u017ca w Gorzowie Wielkopolskim (ul. Fryderyka Chopina 52, budynek nr 8). Tam odbywaj\u0105 si\u0119 zaj\u0119cia lekcyjne<\/p>\n<p>Budynek znajduje si\u0119 w spokojnej okolicy, po\u0142o\u017conej na niewielkim wzg\u00f3rzu, z kt\u00f3rego rozlega si\u0119 przepi\u0119kny widok na panoram\u0119 Gorzowa.<\/p>\n<p>W bezpo\u015brednim s\u0105siedztwie znajduje si\u0119 Biblioteka G\u0142owna Akademii im. Jakuba z Parady\u017ca oraz inne budynki uczelni, w tym hala sportowa. Niedaleko szko\u0142y (ok. 10 minut pieszo) znajduje si\u0119 dworzec PKP i PKS, Galeria Handlowa Askana, przystanek tramwajowy linii nr 1 i nr 2.<\/p>\n<p>Do dyspozycji uczni\u00f3w przeznaczone s\u0105: pracownie przedmiotowe, pracownia komputerowa, gabinet psychologa, gabinet profilaktyki zdrowotnej i pomocy przedlekarskiej, szatnia, szafki. Uczniowie korzystaj\u0105 ze znajduj\u0105cej si\u0119 w budynku obok Biblioteki G\u0142\u00f3wnej AJP.<\/p>\n<p>Zaj\u0119cia sportowe odbywaj\u0105 si\u0119 w hali sportowej Akademii im. Jakuba z Parady\u017ca w Gorzowie Wielkopolskim oraz na boisku ZKS Stilon Gorz\u00f3w.<\/p>\n<p><img loading=\"lazy\" decoding=\"async\" class=\"aligncenter size-medium wp-image-2872\" src=\"http:\/\/agms.ajp.edu.pl\/wp-content\/uploads\/2016\/03\/IMG_1928-300x225.jpg\" alt=\"\" width=\"300\" height=\"225\" srcset=\"http:\/\/alms.ajp.edu.pl\/wp-content\/uploads\/2016\/03\/IMG_1928-300x225.jpg 300w, http:\/\/alms.ajp.edu.pl\/wp-content\/uploads\/2016\/03\/IMG_1928-768x576.jpg 768w, http:\/\/alms.ajp.edu.pl\/wp-content\/uploads\/2016\/03\/IMG_1928-1024x768.jpg 1024w, http:\/\/alms.ajp.edu.pl\/wp-content\/uploads\/2016\/03\/IMG_1928.jpg 2048w\" sizes=\"auto, (max-width: 300px) 100vw, 300px\" \/><img loading=\"lazy\" decoding=\"async\" class=\"aligncenter size-medium wp-image-199\" src=\"http:\/\/agms.ajp.edu.pl\/wp-content\/uploads\/2016\/03\/IMG_0554-300x225.jpg\" alt=\"\" width=\"300\" height=\"225\" srcset=\"http:\/\/alms.ajp.edu.pl\/wp-content\/uploads\/2016\/03\/IMG_0554-300x225.jpg 300w, http:\/\/alms.ajp.edu.pl\/wp-content\/uploads\/2016\/03\/IMG_0554-768x576.jpg 768w, http:\/\/alms.ajp.edu.pl\/wp-content\/uploads\/2016\/03\/IMG_0554-1024x768.jpg 1024w\" sizes=\"auto, (max-width: 300px) 100vw, 300px\" \/><img loading=\"lazy\" decoding=\"async\" class=\"aligncenter size-medium wp-image-2879\" src=\"http:\/\/agms.ajp.edu.pl\/wp-content\/uploads\/2016\/03\/IMG_1944-300x225.jpg\" alt=\"\" width=\"300\" height=\"225\" srcset=\"http:\/\/alms.ajp.edu.pl\/wp-content\/uploads\/2016\/03\/IMG_1944-300x225.jpg 300w, http:\/\/alms.ajp.edu.pl\/wp-content\/uploads\/2016\/03\/IMG_1944-768x576.jpg 768w, http:\/\/alms.ajp.edu.pl\/wp-content\/uploads\/2016\/03\/IMG_1944-1024x768.jpg 1024w, http:\/\/alms.ajp.edu.pl\/wp-content\/uploads\/2016\/03\/IMG_1944.jpg 2048w\" sizes=\"auto, (max-width: 300px) 100vw, 300px\" \/> <img loading=\"lazy\" decoding=\"async\" class=\"aligncenter size-medium wp-image-2877\" src=\"http:\/\/agms.ajp.edu.pl\/wp-content\/uploads\/2016\/03\/IMG_1942-300x225.jpg\" alt=\"\" width=\"300\" height=\"225\" srcset=\"http:\/\/alms.ajp.edu.pl\/wp-content\/uploads\/2016\/03\/IMG_1942-300x225.jpg 300w, http:\/\/alms.ajp.edu.pl\/wp-content\/uploads\/2016\/03\/IMG_1942-768x576.jpg 768w, http:\/\/alms.ajp.edu.pl\/wp-content\/uploads\/2016\/03\/IMG_1942-1024x768.jpg 1024w, http:\/\/alms.ajp.edu.pl\/wp-content\/uploads\/2016\/03\/IMG_1942.jpg 2048w\" sizes=\"auto, (max-width: 300px) 100vw, 300px\" \/> <img loading=\"lazy\" decoding=\"async\" class=\"aligncenter size-medium wp-image-2876\" src=\"http:\/\/agms.ajp.edu.pl\/wp-content\/uploads\/2016\/03\/IMG_1937-300x225.jpg\" alt=\"\" width=\"300\" height=\"225\" srcset=\"http:\/\/alms.ajp.edu.pl\/wp-content\/uploads\/2016\/03\/IMG_1937-300x225.jpg 300w, http:\/\/alms.ajp.edu.pl\/wp-content\/uploads\/2016\/03\/IMG_1937-768x576.jpg 768w, http:\/\/alms.ajp.edu.pl\/wp-content\/uploads\/2016\/03\/IMG_1937-1024x768.jpg 1024w, http:\/\/alms.ajp.edu.pl\/wp-content\/uploads\/2016\/03\/IMG_1937.jpg 2048w\" sizes=\"auto, (max-width: 300px) 100vw, 300px\" \/><img loading=\"lazy\" decoding=\"async\" class=\"aligncenter size-medium wp-image-284\" src=\"http:\/\/agms.ajp.edu.pl\/wp-content\/uploads\/2016\/03\/IMG_0544-300x225.jpg\" alt=\"\" width=\"300\" height=\"225\" srcset=\"http:\/\/alms.ajp.edu.pl\/wp-content\/uploads\/2016\/03\/IMG_0544-300x225.jpg 300w, http:\/\/alms.ajp.edu.pl\/wp-content\/uploads\/2016\/03\/IMG_0544-768x576.jpg 768w, http:\/\/alms.ajp.edu.pl\/wp-content\/uploads\/2016\/03\/IMG_0544-1024x768.jpg 1024w\" sizes=\"auto, (max-width: 300px) 100vw, 300px\" \/> <img loading=\"lazy\" decoding=\"async\" class=\"aligncenter size-medium wp-image-283\" src=\"http:\/\/agms.ajp.edu.pl\/wp-content\/uploads\/2016\/03\/IMG_0536-300x225.jpg\" alt=\"\" width=\"300\" height=\"225\" srcset=\"http:\/\/alms.ajp.edu.pl\/wp-content\/uploads\/2016\/03\/IMG_0536-300x225.jpg 300w, http:\/\/alms.ajp.edu.pl\/wp-content\/uploads\/2016\/03\/IMG_0536-768x576.jpg 768w, http:\/\/alms.ajp.edu.pl\/wp-content\/uploads\/2016\/03\/IMG_0536-1024x768.jpg 1024w\" sizes=\"auto, (max-width: 300px) 100vw, 300px\" \/><\/p>\n","protected":false},"excerpt":{"rendered":"<p>Siedziba szko\u0142y mie\u015bci si\u0119 w obiektach Akademii im. Jakuba z Parady\u017ca w Gorzowie Wielkopolskim (ul. Fryderyka Chopina 52, budynek nr 8). Tam odbywaj\u0105 si\u0119 zaj\u0119cia lekcyjne Budynek znajduje si\u0119 w spokojnej okolicy, po\u0142o\u017conej na niewielkim wzg\u00f3rzu, z kt\u00f3rego rozlega si\u0119&hellip; <\/p>\n","protected":false},"author":1,"featured_media":0,"parent":2902,"menu_order":0,"comment_status":"closed","ping_status":"closed","template":"","meta":{"footnotes":""},"class_list":["post-2916","page","type-page","status-publish","hentry"],"_links":{"self":[{"href":"http:\/\/alms.ajp.edu.pl\/index.php\/wp-json\/wp\/v2\/pages\/2916","targetHints":{"allow":["GET"]}}],"collection":[{"href":"http:\/\/alms.ajp.edu.pl\/index.php\/wp-json\/wp\/v2\/pages"}],"about":[{"href":"http:\/\/alms.ajp.edu.pl\/index.php\/wp-json\/wp\/v2\/types\/page"}],"author":[{"embeddable":true,"href":"http:\/\/alms.ajp.edu.pl\/index.php\/wp-json\/wp\/v2\/users\/1"}],"replies":[{"embeddable":true,"href":"http:\/\/alms.ajp.edu.pl\/index.php\/wp-json\/wp\/v2\/comments?post=2916"}],"version-history":[{"count":3,"href":"http:\/\/alms.ajp.edu.pl\/index.php\/wp-json\/wp\/v2\/pages\/2916\/revisions"}],"predecessor-version":[{"id":2965,"href":"http:\/\/alms.ajp.edu.pl\/index.php\/wp-json\/wp\/v2\/pages\/2916\/revisions\/2965"}],"up":[{"embeddable":true,"href":"http:\/\/alms.ajp.edu.pl\/index.php\/wp-json\/wp\/v2\/pages\/2902"}],"wp:attachment":[{"href":"http:\/\/alms.ajp.edu.pl\/index.php\/wp-json\/wp\/v2\/media?parent=2916"}],"curies":[{"name":"wp","href":"https:\/\/api.w.org\/{rel}","templated":true}]}}