{"id":2910,"date":"2017-03-01T08:15:17","date_gmt":"2017-03-01T07:15:17","guid":{"rendered":"http:\/\/agms.ajp.edu.pl\/?page_id=2910"},"modified":"2018-10-15T10:32:11","modified_gmt":"2018-10-15T08:32:11","slug":"gabinet-profilaktyki-i-pomocy-przedlekarskiej","status":"publish","type":"page","link":"http:\/\/alms.ajp.edu.pl\/index.php\/liceum\/szkola\/gabinet-profilaktyki-i-pomocy-przedlekarskiej\/","title":{"rendered":"Gabinet profilaktyki i pomocy przedlekarskiej"},"content":{"rendered":"<p><strong><em>W szkole opiek\u0119 medyczn\u0105 sprawuje piel\u0119gniarka:<\/em><\/strong><\/p>\n<p><strong><em>El\u017cbieta Majda\u0144ska<\/em><\/strong><\/p>\n<p><strong><em>Gabinet czynny:<\/em><\/strong><\/p>\n<p><strong><em>w \u015brody w godz. 11.00 \u2013 15.00<\/em><\/strong><\/p>\n<p><em>Piel\u0119gniarka sprawuje opiek\u0119 nad dzie\u0107mi i m\u0142odzie\u017c\u0105 obj\u0119tymi obowi\u0105zkiem szkolnym i obowi\u0105zkiem nauki w miejscu, w kt\u00f3rym si\u0119 ucz\u0105 i wychowuj\u0105.<\/em><\/p>\n<p><em>Do zada\u0144 piel\u0119gniarki nale\u017c\u0105:<\/em><\/p>\n<ul>\n<li><strong><em>udzielanie pomocy przedlekarskiej w przypadku nag\u0142ych zachorowa\u0144, uraz\u00f3w <\/em><\/strong><strong><em><br \/>\n<\/em><\/strong><strong><em>i zatru\u0107;<\/em><\/strong><\/li>\n<li><strong><em>doradztwo dla dyrektora szko\u0142y w sprawie warunk\u00f3w bezpiecze\u0144stwa uczni\u00f3w, organizacji posi\u0142k\u00f3w i warunk\u00f3w sanitarnych w szkole;<\/em><\/strong><\/li>\n<li><strong><em>edukacja zdrowotna i promocja zdrowia<\/em><\/strong><\/li>\n<li><strong><em>wykonywanie i interpretowanie test\u00f3w przesiewowych wykrywaj\u0105cych r\u00f3\u017cne zaburzenia np. s\u0142uchu, ci\u015bnienia krwi, ostro\u015bci widzenia, uk\u0142adu ruchu<br \/>\n( skrzywienia kr\u0119gos\u0142upa), rozwoju fizycznego (mierzenie, wa\u017cenie;<\/em><\/strong><\/li>\n<li><strong><em>kierowanie post\u0119powaniem poprzesiewowym oraz sprawowanie opieki piel\u0119gniarskiej nad uczniami z dodatnimi wynikami test\u00f3w;<\/em><\/strong><\/li>\n<li><strong><em>czynne poradnictwo dla uczni\u00f3w z problemami zdrowotnymi, sprawowanie opieki nad uczniami z chorobami przewlek\u0142ymi i niepe\u0142nosprawno\u015bci\u0105;<\/em><\/strong><\/li>\n<\/ul>\n<p><strong><em>przeprowadzanie przegl\u0105d\u00f3w higieny osobistej na pro\u015bb\u0119 rodzic\u00f3w lub wychowawc\u00f3w.<\/em><\/strong><\/p>\n<p>&nbsp;<\/p>\n","protected":false},"excerpt":{"rendered":"<p>W szkole opiek\u0119 medyczn\u0105 sprawuje piel\u0119gniarka: El\u017cbieta Majda\u0144ska Gabinet czynny: w \u015brody w godz. 11.00 \u2013 15.00 Piel\u0119gniarka sprawuje opiek\u0119 nad dzie\u0107mi i m\u0142odzie\u017c\u0105 obj\u0119tymi obowi\u0105zkiem szkolnym i obowi\u0105zkiem nauki w miejscu, w kt\u00f3rym si\u0119 ucz\u0105 i wychowuj\u0105. Do zada\u0144&hellip; <\/p>\n","protected":false},"author":1,"featured_media":0,"parent":2896,"menu_order":0,"comment_status":"closed","ping_status":"closed","template":"","meta":{"footnotes":""},"class_list":["post-2910","page","type-page","status-publish","hentry"],"_links":{"self":[{"href":"http:\/\/alms.ajp.edu.pl\/index.php\/wp-json\/wp\/v2\/pages\/2910","targetHints":{"allow":["GET"]}}],"collection":[{"href":"http:\/\/alms.ajp.edu.pl\/index.php\/wp-json\/wp\/v2\/pages"}],"about":[{"href":"http:\/\/alms.ajp.edu.pl\/index.php\/wp-json\/wp\/v2\/types\/page"}],"author":[{"embeddable":true,"href":"http:\/\/alms.ajp.edu.pl\/index.php\/wp-json\/wp\/v2\/users\/1"}],"replies":[{"embeddable":true,"href":"http:\/\/alms.ajp.edu.pl\/index.php\/wp-json\/wp\/v2\/comments?post=2910"}],"version-history":[{"count":3,"href":"http:\/\/alms.ajp.edu.pl\/index.php\/wp-json\/wp\/v2\/pages\/2910\/revisions"}],"predecessor-version":[{"id":5909,"href":"http:\/\/alms.ajp.edu.pl\/index.php\/wp-json\/wp\/v2\/pages\/2910\/revisions\/5909"}],"up":[{"embeddable":true,"href":"http:\/\/alms.ajp.edu.pl\/index.php\/wp-json\/wp\/v2\/pages\/2896"}],"wp:attachment":[{"href":"http:\/\/alms.ajp.edu.pl\/index.php\/wp-json\/wp\/v2\/media?parent=2910"}],"curies":[{"name":"wp","href":"https:\/\/api.w.org\/{rel}","templated":true}]}}