{"id":2906,"date":"2017-03-01T08:10:00","date_gmt":"2017-03-01T07:10:00","guid":{"rendered":"http:\/\/agms.ajp.edu.pl\/?page_id=2906"},"modified":"2025-11-12T12:15:46","modified_gmt":"2025-11-12T11:15:46","slug":"grono-pedagogiczne","status":"publish","type":"page","link":"http:\/\/alms.ajp.edu.pl\/index.php\/liceum\/szkola\/grono-pedagogiczne\/","title":{"rendered":"Grono Pedagogiczne"},"content":{"rendered":"<p><strong>EL\u017bBIETA B\u0141ASZCZAK \u2013 nauczyciel matematyki<\/strong><\/p>\n<p>Absolwentka I LO i Politechniki Zielonog\u00f3rskiej, gdzie uzyska\u0142a tytu\u0142 magistra w zakresie matematyki z informatyk\u0105. Pracowa\u0142a jako nauczyciel matematyki i fizyki w Szkole Podstawowej Nr 20 i\u00a0 Nr 4 w Gorzowie Wielkopolskim oraz w Gimnazjum Katolickiego Stowarzyszenia Wychowawc\u00f3w. Od 2001 roku zatrudniona w Akademii im. Jakuba z Parady\u017ca w Gorzowie Wielkopolskim. Prowadzi laboratoria z technologii informacyjnej, grafiki komputerowej, podstaw programowania, algorytm\u00f3w i innych. Wsp\u00f3\u0142autorka przewodnika do \u0107wicze\u0144 \u201eArkusz kalkulacyjny od podstaw\u201d. Aktywny egzaminator ECDL &#8211; European Computer Driving Licence. w zakresie wielu certyfikat\u00f3w: Base, Advanced, e-Citizen i Zarz\u0105dzanie Projektami. W 2011 roku nagrodzona tytu\u0142em Najlepszego Egzaminatora ECDL w Polsce.<\/p>\n<p>Pracowa\u0142a przy realizacji wielu projekt\u00f3w wsp\u00f3\u0142finansowanego ze \u015brodk\u00f3w Unii Europejskiej w ramach Europejskiego Funduszu Spo\u0142ecznego, m.in.: \u201eLubuskie Centrum Certyfikacyjne\u201d, \u201eModernizacja kszta\u0142cenia zawodowego w Powiecie Gorzowskim\u201d, \u201eModernizacja kszta\u0142cenia zawodowego w Powiecie Strzelecko-Drezdeneckim\u201d oraz \u201eLubuska Inicjatywa Integracji Cudzoziemc\u00f3w (LIIC)\u201d w ramach Funduszu Azylu, Migracji i Integracji..<\/p>\n<p>W wolnych chwilach rozwi\u0105zuje zagadki umys\u0142owe, w\u015br\u00f3d kt\u00f3rych jej ulubion\u0105 s\u0105 obrazki logiczne.<\/p>\n<p><strong>RADOS\u0141AW DUCHNOWSKI -trener koszyk\u00f3wki<\/strong><\/p>\n<p><strong>MICHA\u0141 FERNEZY \u2013 trener pi\u0142ki no\u017cnej<\/strong><\/p>\n<div dir=\"ltr\">\n<div><strong>\u0141UKASZ HISZPA\u0143SKI &#8211; trener koszyk\u00f3wki<\/strong><\/div>\n<div><\/div>\n<div>Absolwent Studi\u00f3w Licencjackich na kierunku Sport ze specjalno\u015bci\u0105 trenera II klasy koszyk\u00f3wki Akademii Wychowania Fizycznego im. Eugeniusza Piaseckiego w Poznaniu. Absolwent Studi\u00f3w licencjackich oraz magisterskich na kierunku wychowanie fizyczne w Akademii Wychowania Fizycznego im. Eugeniusza Piaseckiego w Poznaniu Zamiejscowego Wydzia\u0142u Kultury Fizycznej w Gorzowie Wielkopolskim ze specjalizacj\u0105 nauczycielsk\u0105 oraz trenersk\u0105 z p\u0142ywania (Trener II Klasy). Absolwent II Edycji Akademii trener\u00f3w PZKosz.<\/div>\n<div><\/div>\n<div>Od 2012 trener w klubie AZS AJP Gorz\u00f3w Wlkp.<\/div>\n<div>W latach 2016 &#8211; 2018 pracownik w AGMS<\/div>\n<div>W 2018 roku nauczyciel wychowania fizycznego w Szkole Podstawowej nr.9 w Gorzowie Wlkp.<\/div>\n<div>Od 2019 nauczyciel wychowania fizycznego \/ trener w ALMS<\/div>\n<div>W sezonie 2018\/2019 oraz 2019\/2020 I trener Kadry woj. Lubuskiego w koszyk\u00f3wce dziewcz\u0105t. Wywalczony historyczny awans do najlepszej \u00f3semki w kraju (pierwszy awans od 14 lat)<\/div>\n<div>M\u0142odszy ratownik WOPR<\/div>\n<div>Kierownik oraz wychowawca wypoczynku<\/div>\n<div>S\u0119dzia koszyk\u00f3wki<\/div>\n<div><\/div>\n<div>Czas wolny, kt\u00f3rego jest niewiele, sp\u0119dza na spacerach z \u017con\u0105 i swoimi dwoma psami. Owczarkiem niemieckim &#8211; Waderem oraz Husky &#8211; Geraltem.<\/div>\n<\/div>\n<div><\/div>\n<div><strong>KRZYSZTOF\u00a0 KACZMARCZYK<\/strong> &#8211; trener pi\u0142ki no\u017cnej<\/div>\n<div>\n<p>Absolwent Uniwersytetu im. Adama Mickiewicza w Poznaniu. Uko\u0144czy\u0142\u00a0 studia magisterskie w 2008 roku na kierunku\u00a0 politologia oraz studia podyplomowe w zakresie przygotowania pedagogicznego w Wy\u017cszej Szkole Nauk Pedagogicznych w 2019 roku.<\/p>\n<p>By\u0142y zawodnik klub\u00f3w ekstraklasy I, II i III ligi. Wychowanek Polonii S\u0142ubice.<\/p>\n<p>Od 2019 roku pracuje jako trener pi\u0142ki no\u017cnej w Akademickim Liceum Mistrzostwa Sportowego w Gorzowie Wielkopolskim.<\/p>\n<p>Obecnie jest trenerem z licencj\u0105\u00a0 UEFA A oraz trenerem Edukatorem w PZPN. Systematycznie podnosi swoje kwalifikacje uczestnicz\u0105c w r\u00f3\u017cnych szkoleniach oraz kursach.<\/p>\n<p>Wolny czas lubi sp\u0119dza\u0107 ze Swoj\u0105 rodzin\u0105.<\/p>\n<\/div>\n<p><strong>JANUSZ KOPACZEWSKI \u2013 trener koszyk\u00f3wki<\/strong><\/p>\n<p>Absolwent Akademii Wychowania Fizycznego im. Eugeniusza Piaseckiego w Poznaniu, ZWKF \u00a0\u00a0 w Gorzowie Wielkopolskim na kierunku wychowanie fizyczne ze specjalizacj\u0105 trenersk\u0105 \u2013 trener II klasy koszyk\u00f3wki. Od 2010 roku uczestnik konferencji licencyjnych Polskiego Zwi\u0105zku Koszyk\u00f3wki. W roku 2014 uko\u0144czy\u0142 Akademi\u0119 Trener\u00f3w Polskiego Zwi\u0105zku Koszyk\u00f3wki oraz Wy\u017cszej Szko\u0142y Kadr Menad\u017cerskich w Koninie. Ponadto posiada\u00a0kurs kierownika kolonii i oboz\u00f3w sportowych oraz kurs M\u0142odszego Ratownika WOPR.<\/p>\n<p>W latach 2010 \u2013 2011 pracownik dydaktyczny ZWKF w Gorzowie Wielkopolskim w Katedrze Gier Zespo\u0142owych \u2013 koszyk\u00f3wka. Od roku 2010 trener dzieci\u0119cych i m\u0142odzie\u017cowych grup w klubie AZS PWSZ Gorz\u00f3w Wielkopolski. Od roku 2014 trener koszyk\u00f3wki w Akademickim Gimnazjum Mistrzostwa Sportowego w Gorzowie Wielkopolskim. W latach 2014-2015 trener kadry wojew\u00f3dztwa lubuskiego w koszyk\u00f3wce dziewcz\u0105t.<\/p>\n<p>Wsp\u00f3\u0142autor podr\u0119cznika \u201ePierwsze Kroki w Nauczaniu Koszyk\u00f3wki\u201d oraz artyku\u0142u \u201eSkuteczno\u015b\u0107 rzut\u00f3w \u00a0\u00a0\u00a0\u00a0do celu pi\u0142kami o r\u00f3\u017cnym rozmiarze i masie u dziewcz\u0105t trenuj\u0105cych koszyk\u00f3wk\u0119 i nietrenuj\u0105cych\u201d. Organizator turniej\u00f3w Mini Basket Ligi oraz prelegent na kursokonferencjach w programie \u201eNauka, Sport, Przysz\u0142o\u015b\u0107\u201d.<\/p>\n<p><strong>DOROTA KOWALSKA \u2013 pedagog szkolny, nauczyciel \u00a0wychowania do \u017cycia w rodzinie<\/strong><\/p>\n<p>Uko\u0144czone studia magisterskie na kierunku Pedagogika na Uniwersytecie Szczeci\u0144skim\u00a0\u00a0\u00a0\u00a0\u00a0\u00a0\u00a0\u00a0\u00a0\u00a0 Studia podyplomowe \u2013 Edukacja Prorodzinna i Seksualna <em>Uniwersytet Szczeci\u0144ski<\/em>\u00a0\u00a0\u00a0\u00a0 \u00a0 \u00a0 \u00a0 \u00a0\u00a0 Studia podyplomowe \u2013 Logopedia\u00a0 <em>Uniwersytet Szczeci\u0144ski<\/em><\/p>\n<p><em>Posiadane certyfikaty do realizacji program\u00f3w edukacyjnych i profilaktycznych:<\/em>\u00a0\u00a0\u00a0\u00a0\u00a0 \u00a0 \u00a0 \u00a0 \u00a0 \u00a0 \u00a0 \u00a0 \u00a0 \u00a0 \u00a0\u00a0 <em>\u201eStop przemocy w rodzinie\u201d,<\/em>\u00a0\u00a0 <em>\u201eFAS \u2013 ci\u0105\u017c\u0105 bez alkoholu\u201d,<\/em>\u00a0 <em>\u201eARS, czyli jak dba\u0107 o mi\u0142o\u015b\u0107?\u201d<\/em>\u00a0 \u2013 <em>profilaktyczny program w zakresie przeciwdzia\u0142ania uzale\u017cnieniu od alkoholu, tytoniu i innych \u015brodk\u00f3w psychoaktywnych<\/em>.<\/p>\n<p>Poza tym systematycznie uaktualnia i poszerza swoj\u0105 wiedz\u0119. Szkoli si\u0119 szczeg\u00f3lnie w\u00a0 zakresie:<\/p>\n<ul>\n<li>udzielania uczniom pomocy psychologiczno \u2013 pedagogicznej,<\/li>\n<li>profilaktyki uzale\u017cnie\u0144 ( w tym uzale\u017cnienia od dopalaczy),<\/li>\n<li>przciwdzia\u0142ania przemocy i cyberprzemocy oraz<\/li>\n<li>promocji zdrowia w szkole.<\/li>\n<\/ul>\n<p>Mi\u0142o\u015bniczka wypoczynku nad Morzem Ba\u0142tyckim , wycisza si\u0119 przy muzyce Mietka Szcze\u015bniaka i Adele. Od prawie 20 lat wierna fanka Agnieszki Chyli\u0144skiej.<\/p>\n<p><strong>ROBERT KOZIO\u0141A \u2013 trener pi\u0142ki no\u017cnej<\/strong><\/p>\n<p>mgr wychowania fizycznego, uko\u0144czy\u0142 Zamiejscowy Wydzia\u0142 Kultury Fizycznej w Gorzowie Wielkopolskim, specjalno\u015b\u0107: nauczycielsko \u2013 trenerska w roku 2013, od 2015 pracuje jako trener pi\u0142ki no\u017cnej w Akademickim Gimnazjum Mistrzostwa Sportowego w Gorzowie Wielkopolskim. Od 2011 jest koordynatorem grup m\u0142odzie\u017cowych w ZKS Stilon Gorz\u00f3w, w tym klubie pe\u0142ni r\u00f3wnie\u017c funkcj\u0119 Wiceprezesa do spraw szkolenia dzieci i m\u0142odzie\u017cy. By\u0142y zawodnik klub\u00f3w I, II i III ligi. Licencjonowany trener UEFA B. Stale podnosi swoje kwalifikacje, uczestnicz\u0105c w r\u00f3\u017cnorodnych kursach i szkoleniach, m.in. uko\u0144czy\u0142 sta\u017c trenerski w Akademii Pi\u0142karskiej Ajax Amsterdam.<\/p>\n<p><strong>GRZEGORZ KRZYWOSZYJA &#8211; nauczyciel fizyki\u00a0<\/strong><\/p>\n<p><strong>\u0141UKASZ MALISZEWSKI &#8211; trener pi\u0142ki no\u017cnej<\/strong><\/p>\n<p><strong>MAGDALENA MIELCZAREK-SNOPEK &#8211; psycholog szkolny<\/strong><\/p>\n<p><strong>NATALIA KLIMCZAK &#8211; nauczyciel j\u0119zyka niemieckiego<\/strong><\/p>\n<p><strong>MI\u0141OSZ SZEMBEK &#8211; nauczyciel historii<\/strong><\/p>\n<p><strong>MAZUREK MONIKA &#8211; nauczyciel plastyki<\/strong><\/p>\n<p><strong>ROMAN SONDEJ \u2013 nauczyciel geografii<\/strong><\/p>\n<p>Jest dyplomowanym nauczycielem geografii. W latach 1986-93 pracowa\u0142 jako nauczyciel w szko\u0142ach podstawowych i \u015brednich Gorzowa Wielkopolskiego, w 1991-93 pe\u0142ni\u0142 obowi\u0105zki doradcy metodycznego geografii, w 1993-98 by\u0142 wicedyrektorem w I Liceum Og\u00f3lnokszta\u0142c\u0105cym w Gorzowie Wielkopolskim, w 1998-99 pracowa\u0142 w Wojew\u00f3dzkim O\u015brodku Metodycznym w Gorzowie Wielkopolskim jako kierownik Pracowni Organizacyjno-Prawnej, w latach 1999-2012 pracowa\u0142 w Kuratorium O\u015bwiaty w Gorzowie Wielkopolskim \u2013 pocz\u0105tkowo jako dyrektor Wydzia\u0142u Nadzoru Pedagogicznego, a nast\u0119pnie jako Lubuski Kurator O\u015bwiaty. Od roku 2012 ponownie w Wojew\u00f3dzkim O\u015brodku Metodycznym w Gorzowie Wielkopolskim jako konsultant ds. zarz\u0105dzania o\u015bwiat\u0105 i doradca metodyczny z geografii.<\/p>\n<p>Jest absolwentem Uniwersytetu Wroc\u0142awskiego, Wydzia\u0142u Nauk Przyrodniczych<br \/>\no kierunku: geologia. Systematycznie uczestniczy w doskonaleniu. Uko\u0144czy\u0142 studia podyplomowe z \u201eOrganizacji, zarz\u0105dzania i nadzoru o\u015bwiaty\u201d, \u201eEuropejskiej administracji rz\u0105dowej i samorz\u0105dowej\u201d, \u201eInformatyki\u201d, \u201ePrawa administracyjnego i post\u0119powania administracyjnego w zakresie administracji\u201d oraz \u201eSystem\u00f3w zarz\u0105dzania jako\u015bci\u0105\u201d. Jest certyfikowanym trenerem i edukatorem w zakresie zarz\u0105dzania o\u015bwiat\u0105.<\/p>\n<p>W marcu 1998 r. zosta\u0142 mianowany \u201ePromotorem reformy o\u015bwiaty na wojew\u00f3dztwo gorzowskie\u201d. Pe\u0142ni\u0142 funkcj\u0119 wojew\u00f3dzkiego koordynatora program\u00f3w: \u201eGimnazjum 2002\u201d oraz \u201eDoradztwo metodyczne w powiecie\u201d. Jest egzaminatorem maturalnym z geografii. Wieloletni radny Rady Miasta Gorz\u00f3w Wielkopolski. Wsp\u00f3\u0142za\u0142o\u017cyciel SKOK Pracownik\u00f3w O\u015bwiaty w Gorzowie Wlkp., cz\u0142onek Zarz\u0105du AZS PWSZ Gorz\u00f3w Wielkopolski, wsp\u00f3\u0142za\u0142o\u017cyciel Akademickiego Gimnazjum Mistrzostwa Sportowego przy Pa\u0144stwowej Wy\u017cszej Szkole Zawodowej im. Jakuba z Parady\u017ca w Gorzowie Wielkopolskim.<\/p>\n<p>Otrzyma\u0142 liczne nagrody dyrektora, nagrody kuratora o\u015bwiaty, nagrod\u0119 Ministra Edukacji oraz Medal Komisji Edukacji Narodowej, a w roku 1995\/96 tytu\u0142\u201eBelfer Roku\u201d.<\/p>\n<p>Jego motto:<\/p>\n<p style=\"text-align: center;\"><strong>\u201eMam sze\u015bciu niezawodnych s\u0142u\u017c\u0105cych.<\/strong><\/p>\n<p style=\"text-align: center;\"><strong>Nauczyli mnie wszystkiego, co wiem.<\/strong><\/p>\n<p style=\"text-align: center;\"><strong>Nazywaj\u0105 si\u0119 Co, Dlaczego, Kiedy, Jak, Gdzie i Kto\u201d.<\/strong><\/p>\n<p style=\"text-align: right;\"><strong><em>Rudyard Kipling<\/em><\/strong><\/p>\n<p><strong>ZAPART PAWE\u0141 &#8211; nauczyciel informatyki<\/strong><\/p>\n<p><strong>ANNA WACHNIK &#8211; nauczyciel j\u0119zyka angielskiego<\/strong><\/p>\n<p class=\"Standard\" style=\"text-align: justify; text-justify: inter-ideograph;\">Absolwentka filologii angielskiej ze specjalno\u015bci\u0105 metodyczn\u0105 oraz podyplomowych studi\u00f3w z zakresu zarz\u0105dzania zasobami ludzkimi. Czynny egzaminator egzaminu maturalnego oraz egzaminu \u00f3smoklasisty z j\u0119zyka angielskiego, a tak\u017ce egzamin\u00f3w Pearson (Pearson Test of English). Certyfikowany tutor I stopnia<span style=\"font-family: 'TimesNewRomanPSMT','serif';\"> <span style=\"color: #00000a;\">Szko\u0142y Tutor\u00f3w Collegium Wratislaviense. Do\u015bwiadczenie zawodowe zdoby\u0142a pracuj\u0105c zar\u00f3wno z dzie\u0107mi w Spo\u0142ecznej Szkole Podstawowej Stowarzyszenia Edukacyjnego jak i z m\u0142odzie\u017c\u0105 i doros\u0142ymi w szko\u0142ach ponadpodstawowych r\u00f3\u017cnego typu (m.in. Pa\u0144stwowym Liceum Sztuk Plastycznych oraz szkole pomaturalnej TEB). Obecnie prac\u0119 w Akademickim Liceum Mistrzostwa Sportowego \u0142\u0105czy z prac\u0105 na uczelni wy\u017cszej. Prywatnie mi\u0142o\u015bniczka podr\u00f3\u017cy, literatury kryminalnej, zwierz\u0105t i dobrej herbaty. \u017bywo zainteresowana j\u0119zykiem oraz kultur\u0105 kraj\u00f3w angloj\u0119zycznych i nie tylko.<\/span><\/span><\/p>\n<p><strong>ks. BARTOSZ WARWARKO &#8211; nauczyciel religii<\/strong><\/p>\n<p><strong>KAMILA WIDZICKA-RZETELNA &#8211; nauczyciel chemii\u00a0<\/strong><\/p>\n<p><strong>JOANNA TYMSZAN &#8211; nauczyciel j\u0119zyka angielskiego<\/strong><\/p>\n<p><strong>AGNIESZKA \u0141EPKOWSKA &#8211; nauczyciel biologii<\/strong><\/p>\n<p><strong>PAWE\u0141 ZAPART &#8211; nauczyciel geografii<\/strong><\/p>\n<p><strong>PATRYCJA ZAPOLSKA \u2013 nauczyciel j\u0119zyka polskiego <\/strong><\/p>\n<p>Absolwentka Akademii im. Jakuba z Parady\u017ca w Gorzowie Wielkopolskim. Magister filologii polskiej w specjalno\u015bci nauczycielskiej. Studia uko\u0144czy\u0142a z wynikiem bardzo dobrym. W 2016 roku na konferencji naukowej\u00a0<em>W\u0142odzimierz Korsak &#8211; co las mu powiedzia\u0142?\u00a0<\/em>wyg\u0142osi\u0142a referat pt. Gaw\u0119da w powie\u015bci <em>Pie\u015b\u0144 Puszczy<\/em>. Prywatnie interesuje si\u0119 ksi\u0105\u017ckami wydawanymi na rynku ameryka\u0144skim i skandynawskim, szczeg\u00f3lnie powie\u015bciami psychologicznymi i kryminalnymi. Ponadto pasjonatka ps\u00f3w my\u015bliwskich i d\u0142ugich spacer\u00f3w na \u0142onie natury.<\/p>\n<p><strong>KATARZYNA ZIO\u0141O-GWADERA &#8211; nauczyciel podstaw przedsi\u0119biorczo\u015bci i j\u0119zyka angielskiego<\/strong><\/p>\n<p>W 2015 roku uzyska\u0142a stopie\u0144 doktora nauk ekonomicznych na Uniwersytecie Szczeci\u0144skim, obszar zainteresowa\u0144 to rynek pracy oraz polityka spo\u0142eczna.<br \/>\nObecnie jest studentk\u0105 filologii angielskiej na AJP.<\/p>\n","protected":false},"excerpt":{"rendered":"<p>EL\u017bBIETA B\u0141ASZCZAK \u2013 nauczyciel matematyki Absolwentka I LO i Politechniki Zielonog\u00f3rskiej, gdzie uzyska\u0142a tytu\u0142 magistra w zakresie matematyki z informatyk\u0105. Pracowa\u0142a jako nauczyciel matematyki i fizyki w Szkole Podstawowej Nr 20 i\u00a0 Nr 4 w Gorzowie Wielkopolskim oraz w Gimnazjum&hellip; <\/p>\n","protected":false},"author":1,"featured_media":0,"parent":2896,"menu_order":0,"comment_status":"closed","ping_status":"closed","template":"","meta":{"footnotes":""},"class_list":["post-2906","page","type-page","status-publish","hentry"],"_links":{"self":[{"href":"http:\/\/alms.ajp.edu.pl\/index.php\/wp-json\/wp\/v2\/pages\/2906","targetHints":{"allow":["GET"]}}],"collection":[{"href":"http:\/\/alms.ajp.edu.pl\/index.php\/wp-json\/wp\/v2\/pages"}],"about":[{"href":"http:\/\/alms.ajp.edu.pl\/index.php\/wp-json\/wp\/v2\/types\/page"}],"author":[{"embeddable":true,"href":"http:\/\/alms.ajp.edu.pl\/index.php\/wp-json\/wp\/v2\/users\/1"}],"replies":[{"embeddable":true,"href":"http:\/\/alms.ajp.edu.pl\/index.php\/wp-json\/wp\/v2\/comments?post=2906"}],"version-history":[{"count":28,"href":"http:\/\/alms.ajp.edu.pl\/index.php\/wp-json\/wp\/v2\/pages\/2906\/revisions"}],"predecessor-version":[{"id":11772,"href":"http:\/\/alms.ajp.edu.pl\/index.php\/wp-json\/wp\/v2\/pages\/2906\/revisions\/11772"}],"up":[{"embeddable":true,"href":"http:\/\/alms.ajp.edu.pl\/index.php\/wp-json\/wp\/v2\/pages\/2896"}],"wp:attachment":[{"href":"http:\/\/alms.ajp.edu.pl\/index.php\/wp-json\/wp\/v2\/media?parent=2906"}],"curies":[{"name":"wp","href":"https:\/\/api.w.org\/{rel}","templated":true}]}}