{"id":279,"date":"2016-03-09T08:44:07","date_gmt":"2016-03-09T07:44:07","guid":{"rendered":"http:\/\/150.254.196.48\/?page_id=279"},"modified":"2023-09-08T10:14:03","modified_gmt":"2023-09-08T08:14:03","slug":"kontakt","status":"publish","type":"page","link":"http:\/\/alms.ajp.edu.pl\/index.php\/kontakt\/","title":{"rendered":"Kontakt"},"content":{"rendered":"\n<h3 class=\"wp-block-heading\"><strong>Akademickie Liceum Mistrzostwa Sportowego<\/strong><\/h3>\n\n\n\n<p>Fryderyka Chopina 52<br>budynek 8<br>66-400 Gorz\u00f3w Wielkopolski<\/p>\n\n\n\n<p>godziny przyj\u0119\u0107: 7.30 -14.30<\/p>\n\n\n\n<p>telefon: (95) 721 60 07<\/p>\n\n\n\n<p>email:<strong>&nbsp;sekretariat.alms@ajp.edu.p<\/strong>l<\/p>\n\n\n\n<p>telefon ksi\u0119gowo\u015b\u0107: 737 557 969<\/p>\n\n\n\n<p>email:&nbsp;<strong>ksiegowosc.alms@ajp.edu.pl<\/strong><\/p>\n\n\n\n<p>NUMER KONTA:<\/p>\n\n\n\n<p>Bank BG\u017b BNP Paribas S.A.95 1600 1462 1834 0578 7000 0001<\/p>\n","protected":false},"excerpt":{"rendered":"<p>Akademickie Liceum Mistrzostwa Sportowego Fryderyka Chopina 52budynek 866-400 Gorz\u00f3w Wielkopolski godziny przyj\u0119\u0107: 7.30 -14.30 telefon: (95) 721 60 07 email:&nbsp;sekretariat.alms@ajp.edu.pl telefon ksi\u0119gowo\u015b\u0107: 737 557 969 email:&nbsp;ksiegowosc.alms@ajp.edu.pl NUMER KONTA: Bank BG\u017b BNP Paribas S.A.95 1600 1462 1834 0578 7000 0001<\/p>\n","protected":false},"author":1,"featured_media":0,"parent":0,"menu_order":0,"comment_status":"closed","ping_status":"closed","template":"","meta":{"footnotes":""},"class_list":["post-279","page","type-page","status-publish","hentry"],"_links":{"self":[{"href":"http:\/\/alms.ajp.edu.pl\/index.php\/wp-json\/wp\/v2\/pages\/279","targetHints":{"allow":["GET"]}}],"collection":[{"href":"http:\/\/alms.ajp.edu.pl\/index.php\/wp-json\/wp\/v2\/pages"}],"about":[{"href":"http:\/\/alms.ajp.edu.pl\/index.php\/wp-json\/wp\/v2\/types\/page"}],"author":[{"embeddable":true,"href":"http:\/\/alms.ajp.edu.pl\/index.php\/wp-json\/wp\/v2\/users\/1"}],"replies":[{"embeddable":true,"href":"http:\/\/alms.ajp.edu.pl\/index.php\/wp-json\/wp\/v2\/comments?post=279"}],"version-history":[{"count":9,"href":"http:\/\/alms.ajp.edu.pl\/index.php\/wp-json\/wp\/v2\/pages\/279\/revisions"}],"predecessor-version":[{"id":10708,"href":"http:\/\/alms.ajp.edu.pl\/index.php\/wp-json\/wp\/v2\/pages\/279\/revisions\/10708"}],"wp:attachment":[{"href":"http:\/\/alms.ajp.edu.pl\/index.php\/wp-json\/wp\/v2\/media?parent=279"}],"curies":[{"name":"wp","href":"https:\/\/api.w.org\/{rel}","templated":true}]}}