{"id":123,"date":"2016-01-12T09:36:59","date_gmt":"2016-01-12T08:36:59","guid":{"rendered":"http:\/\/150.254.196.48\/?page_id=123"},"modified":"2026-03-04T11:11:15","modified_gmt":"2026-03-04T10:11:15","slug":"dokumenty-do-pobrania","status":"publish","type":"page","link":"http:\/\/alms.ajp.edu.pl\/index.php\/rekrutacja\/dokumenty-do-pobrania\/","title":{"rendered":"Dokumenty do pobrania 2026\/2027"},"content":{"rendered":"\n<p>Dokumenty, kt\u00f3re nale\u017cy z\u0142o\u017cy\u0107 przed testami sprawno\u015bci fizycznej:<\/p>\n\n\n\n<p><a href=\"http:\/\/alms.ajp.edu.pl\/wp-content\/uploads\/2026\/03\/zalacznik-nr-1-formularz-zgloszeniowy.doc\">zalacznik-nr-1-formularz-zgloszeniowy.doc<\/a><\/p>\n\n\n\n<p><a href=\"http:\/\/alms.ajp.edu.pl\/wp-content\/uploads\/2026\/03\/zalacznik-nr-2-oswiadczenie-rodzicow.doc\">zalacznik-nr-2-oswiadczenie-rodzicow.doc<\/a><\/p>\n\n\n\n<p><a href=\"http:\/\/alms.ajp.edu.pl\/wp-content\/uploads\/2026\/03\/zalacznik-nr-3-zaswiadczenie-lekarskie.doc\">zalacznik-nr-3-zaswiadczenie-lekarskie.doc<\/a><\/p>\n\n\n\n<p>Dokumenty, kt\u00f3re nale\u017cy z\u0142o\u017cy\u0107 przy sk\u0142adaniu pozosta\u0142ych dokument\u00f3w:<\/p>\n\n\n\n<p><a href=\"http:\/\/alms.ajp.edu.pl\/wp-content\/uploads\/2026\/03\/zalacznik-nr-4-klauzula-rekrutacja.docx\">zalacznik-nr-4-klauzula-rekrutacja.docx<\/a><\/p>\n\n\n\n<p><a href=\"http:\/\/alms.ajp.edu.pl\/wp-content\/uploads\/2026\/03\/zalacznik-nr-5-wniosek-o-przyjecie.doc\">zalacznik-nr-5-wniosek-o-przyjecie.doc<\/a><\/p>\n\n\n\n<p><a href=\"http:\/\/alms.ajp.edu.pl\/wp-content\/uploads\/2026\/03\/zalacznik-nr-6-rodo.doc\">zalacznik-nr-6-rodo.doc<\/a><\/p>\n\n\n\n<p><a href=\"http:\/\/alms.ajp.edu.pl\/wp-content\/uploads\/2026\/03\/zalacznik-nr-7-klauzula-przy-naborze.doc\">zalacznik-nr-7-klauzula-przy-naborze.doc<\/a><\/p>\n\n\n\n<h5 class=\"wp-block-heading\">&nbsp;&nbsp;DRUKI DLA OS\u00d3B STARAJ\u0104CYCH SI\u0118 O MIEJSCE W INTERNACIE<\/h5>\n\n\n\n<p><a href=\"http:\/\/alms.ajp.edu.pl\/wp-content\/uploads\/2026\/03\/zalacznik-nr-1-podanie-o-internat.doc\">zalacznik-nr-1-podanie-o-internat.doc<\/a><\/p>\n\n\n\n<p><a href=\"http:\/\/alms.ajp.edu.pl\/wp-content\/uploads\/2026\/03\/zalacznik-2-internat.docx\">zalacznik-2-internat.docx<\/a><\/p>\n\n\n\n<p><\/p>\n","protected":false},"excerpt":{"rendered":"<p>Dokumenty, kt\u00f3re nale\u017cy z\u0142o\u017cy\u0107 przed testami sprawno\u015bci fizycznej: zalacznik-nr-1-formularz-zgloszeniowy.doc zalacznik-nr-2-oswiadczenie-rodzicow.doc zalacznik-nr-3-zaswiadczenie-lekarskie.doc Dokumenty, kt\u00f3re nale\u017cy z\u0142o\u017cy\u0107 przy sk\u0142adaniu pozosta\u0142ych dokument\u00f3w: zalacznik-nr-4-klauzula-rekrutacja.docx zalacznik-nr-5-wniosek-o-przyjecie.doc zalacznik-nr-6-rodo.doc zalacznik-nr-7-klauzula-przy-naborze.doc &nbsp;&nbsp;DRUKI DLA OS\u00d3B STARAJ\u0104CYCH SI\u0118 O MIEJSCE W INTERNACIE zalacznik-nr-1-podanie-o-internat.doc zalacznik-2-internat.docx<\/p>\n","protected":false},"author":1,"featured_media":0,"parent":119,"menu_order":1,"comment_status":"closed","ping_status":"closed","template":"","meta":{"footnotes":""},"class_list":["post-123","page","type-page","status-publish","hentry"],"_links":{"self":[{"href":"http:\/\/alms.ajp.edu.pl\/index.php\/wp-json\/wp\/v2\/pages\/123","targetHints":{"allow":["GET"]}}],"collection":[{"href":"http:\/\/alms.ajp.edu.pl\/index.php\/wp-json\/wp\/v2\/pages"}],"about":[{"href":"http:\/\/alms.ajp.edu.pl\/index.php\/wp-json\/wp\/v2\/types\/page"}],"author":[{"embeddable":true,"href":"http:\/\/alms.ajp.edu.pl\/index.php\/wp-json\/wp\/v2\/users\/1"}],"replies":[{"embeddable":true,"href":"http:\/\/alms.ajp.edu.pl\/index.php\/wp-json\/wp\/v2\/comments?post=123"}],"version-history":[{"count":60,"href":"http:\/\/alms.ajp.edu.pl\/index.php\/wp-json\/wp\/v2\/pages\/123\/revisions"}],"predecessor-version":[{"id":11869,"href":"http:\/\/alms.ajp.edu.pl\/index.php\/wp-json\/wp\/v2\/pages\/123\/revisions\/11869"}],"up":[{"embeddable":true,"href":"http:\/\/alms.ajp.edu.pl\/index.php\/wp-json\/wp\/v2\/pages\/119"}],"wp:attachment":[{"href":"http:\/\/alms.ajp.edu.pl\/index.php\/wp-json\/wp\/v2\/media?parent=123"}],"curies":[{"name":"wp","href":"https:\/\/api.w.org\/{rel}","templated":true}]}}